{"id":8997,"date":"2020-07-30T10:26:37","date_gmt":"2020-07-30T10:26:37","guid":{"rendered":"https:\/\/www.litthotels.com\/avis-juridique\/"},"modified":"2025-05-20T17:03:52","modified_gmt":"2025-05-20T17:03:52","slug":"avis-juridique","status":"publish","type":"page","link":"https:\/\/www.litthotels.com\/fr\/avis-juridique\/","title":{"rendered":"Avis juridique"},"content":{"rendered":"\t\t<div data-elementor-type=\"wp-page\" data-elementor-id=\"8997\" class=\"elementor elementor-8997 elementor-2120\" data-elementor-post-type=\"page\">\n\t\t\t\t\t\t<section class=\"elementor-section elementor-top-section elementor-element elementor-element-600cca0 elementor-section-boxed elementor-section-height-default elementor-section-height-default\" data-id=\"600cca0\" data-element_type=\"section\" data-e-type=\"section\">\n\t\t\t\t\t\t<div class=\"elementor-container elementor-column-gap-default\">\n\t\t\t\t\t<div class=\"elementor-column elementor-col-100 elementor-top-column elementor-element elementor-element-720d977\" data-id=\"720d977\" data-element_type=\"column\" data-e-type=\"column\">\n\t\t\t<div class=\"elementor-widget-wrap elementor-element-populated\">\n\t\t\t\t\t\t<div class=\"elementor-element elementor-element-73e0e6c elementor-widget elementor-widget-text-editor\" data-id=\"73e0e6c\" data-element_type=\"widget\" data-e-type=\"widget\" data-widget_type=\"text-editor.default\">\n\t\t\t\t<div class=\"elementor-widget-container\">\n\t\t\t\t\t\t\t\t\t<div data-id=\"dfa6bd8\" data-element_type=\"widget\" data-widget_type=\"heading.default\"><div><h2>Avis juridique<\/h2><h2 style=\"box-sizing: border-box; clear: both; line-height: 1; margin: 0px; padding: 0px; color: #6ec1e4; font-family: Roboto, sans-serif; text-align: left;\"><span style=\"color: #7a7a7a; font-size: 12.8px; font-weight: 400;\">Le pr\u00e9sent avis l\u00e9gal r\u00e9git les conditions g\u00e9n\u00e9rales d&rsquo;acc\u00e8s et d&rsquo;utilisation du site Internet accessible \u00e0 l&rsquo;adresse URL https:\/\/litthotels.com (ci-apr\u00e8s, le site Internet), que PROMOU INVERSIO 2013, S.L. met \u00e0 la disposition des internautes.<\/span><span style=\"color: #7a7a7a; font-size: 12.8px; font-weight: 400;\">ci-apr\u00e8s, le site web), que PROMOU INVERSIO 2013, S.L. met \u00e0 disposition des utilisateurs d&rsquo;Internet.<\/span><\/h2><div style=\"color: #7a7a7a; font-family: Roboto, sans-serif; width: 1120px; font-size: 12.8px; text-align: left;\" data-id=\"52d1ec01\" data-element_type=\"widget\" data-widget_type=\"text-editor.default\"><div><div><div><p style=\"margin-right: 0px; margin-bottom: 1.5em; margin-left: 0px; padding: 0px;\">L&rsquo;utilisation du site web implique l&rsquo;acceptation totale et sans r\u00e9serve de chacune des dispositions incluses dans le pr\u00e9sent avis juridique.  <\/p><p style=\"margin-right: 0px; margin-bottom: 1.5em; margin-left: 0px; padding: 0px;\">Par cons\u00e9quent, l&rsquo;utilisateur du site web doit lire attentivement le pr\u00e9sent avis juridique chaque fois qu&rsquo;il a l&rsquo;intention d&rsquo;utiliser le site web, \u00e9tant donn\u00e9 que le texte peut \u00eatre modifi\u00e9 \u00e0 la discr\u00e9tion du propri\u00e9taire du site web ou \u00e0 la suite d&rsquo;un changement de l\u00e9gislation, de jurisprudence ou de pratique commerciale.<\/p><\/div><\/div><\/div><\/div><h2 style=\"clear: both; line-height: 1.4; margin-bottom: 0.75em; padding-top: 1.5em; color: #666666; font-size: 1.625rem; text-align: left;\">1.- PROPRI\u00c9T\u00c9 DU SITE WEB<\/h2><div style=\"color: #7a7a7a; font-family: Roboto, sans-serif; width: 1120px; font-size: 12.8px; text-align: left;\" data-id=\"52d1ec01\" data-element_type=\"widget\" data-widget_type=\"text-editor.default\"><div><div><p style=\"margin-right: 0px; margin-bottom: 1.5em; margin-left: 0px; padding: 0px;\">Raison sociale : PROMOU INVERSIO 2013, S.L.<br>Nom du propri\u00e9taire : JOSEP PRAT<br>Si\u00e8ge social : Tres Creus 166, \u00c0tic<br>Ville : SABADELL (BARCELONA)<br>Province : BARCELONA<br>C. P. : 08202 C.I.F.\/D.N.I. : B66092495 T\u00e9l\u00e9phone :  Courriel : P. : 08202<br>C.I.F.\/D.N.I. : B66092495<br>T\u00e9l\u00e9phone de contact : 617412182<br>E-mail : info@litthotels.com<br>D\u00e9tails de l&rsquo;enregistrement : ss<\/p><\/div><\/div><\/div><h2 style=\"clear: both; line-height: 1.4; margin-bottom: 0.75em; padding-top: 1.5em; color: #666666; font-size: 1.625rem; text-align: left;\">2.- OBJECTIF<\/h2><div style=\"color: #7a7a7a; font-family: Roboto, sans-serif; width: 1120px; font-size: 12.8px; text-align: left;\" data-id=\"52d1ec01\" data-element_type=\"widget\" data-widget_type=\"text-editor.default\"><div><div><p style=\"margin-right: 0px; margin-bottom: 1.5em; margin-left: 0px; padding: 0px;\">Le site web permet aux utilisateurs d&rsquo;acc\u00e9der \u00e0 l&rsquo;information et aux services fournis par PROMOU INVERSIO 2013, S.L. aux personnes ou organisations int\u00e9ress\u00e9es.<\/p><\/div><\/div><\/div><h2 style=\"clear: both; line-height: 1.4; margin-bottom: 0.75em; padding-top: 1.5em; color: #666666; font-size: 1.625rem; text-align: left;\">3.- ACC\u00c8S ET UTILISATION DU SITE WEB<\/h2><div style=\"color: #7a7a7a; font-family: Roboto, sans-serif; width: 1120px; font-size: 12.8px; text-align: left;\" data-id=\"52d1ec01\" data-element_type=\"widget\" data-widget_type=\"text-editor.default\"><div><div><p style=\"margin-right: 0px; margin-bottom: 1.5em; margin-left: 0px; padding: 0px;\">3.1.- Acc\u00e8s et utilisation gratuits du site web.<br>L&rsquo;acc\u00e8s au site web est gratuit pour les utilisateurs.<br>3.2.- Enregistrement de l&rsquo;utilisateur.<br>En g\u00e9n\u00e9ral, l&rsquo;acc\u00e8s et l&rsquo;utilisation du site web ne n\u00e9cessitent pas d&rsquo;abonnement ou d&rsquo;enregistrement pr\u00e9alable de la part des utilisateurs.<\/p><\/div><\/div><\/div><h2 style=\"clear: both; line-height: 1.4; margin-bottom: 0.75em; padding-top: 1.5em; color: #666666; font-size: 1.625rem; text-align: left;\">4.- CONTENU DU SITE WEB<\/h2><div style=\"color: #7a7a7a; font-family: Roboto, sans-serif; width: 1120px; font-size: 12.8px; text-align: left;\" data-id=\"52d1ec01\" data-element_type=\"widget\" data-widget_type=\"text-editor.default\"><div><div><p style=\"margin-right: 0px; margin-bottom: 1.5em; margin-left: 0px; padding: 0px;\">La langue utilis\u00e9e par le propri\u00e9taire sur le site web est l&rsquo;espagnol. PROMOU INVERSIO 2013, S.L. d\u00e9cline toute responsabilit\u00e9 en cas d&rsquo;incompr\u00e9hension de la langue du site de la part des utilisateurs, ainsi que des cons\u00e9quences qui en d\u00e9coulent. <br>PROMOU INVERSIO 2013, S.L. peut modifier les contenus sans pr\u00e9avis, ainsi que les supprimer et les changer sur le site Web, ainsi que la mani\u00e8re dont ils sont accessibles, sans aucune justification et librement, et ne sera pas tenu responsable des cons\u00e9quences que cela peut entra\u00eener pour les utilisateurs.<br>Il est interdit d&rsquo;utiliser les contenus du site web pour promouvoir, contracter ou diffuser de la publicit\u00e9 ou des informations propres ou de tiers sans l&rsquo;autorisation de PROMOU INVERSIO 2013, S.L. ou d&rsquo;envoyer de la publicit\u00e9 ou des informations en utilisant les services ou les informations mis \u00e0 la disposition des utilisateurs, que l&rsquo;utilisation soit gratuite ou non.<br>Les liens ou hyperliens que des tiers incluent sur leurs sites web vers ce site web seront destin\u00e9s \u00e0 l&rsquo;ouverture du site web complet, et ne pourront pas, directement ou indirectement, donner des indications fausses, inexactes ou confuses, ni donner lieu \u00e0 des actions d\u00e9loyales ou ill\u00e9gales \u00e0 l&rsquo;encontre de PROMOU INVERSIO 2013, S.L.<\/p><\/div><\/div><\/div><h2 style=\"clear: both; line-height: 1.4; margin-bottom: 0.75em; padding-top: 1.5em; color: #666666; font-size: 1.625rem; text-align: left;\">LIMITATION DE LA RESPONSABILIT\u00c9<\/h2><div style=\"color: #7a7a7a; font-family: Roboto, sans-serif; width: 1120px; font-size: 12.8px; text-align: left;\" data-id=\"52d1ec01\" data-element_type=\"widget\" data-widget_type=\"text-editor.default\"><div><div><p style=\"margin-right: 0px; margin-bottom: 1.5em; margin-left: 0px; padding: 0px;\">L&rsquo;acc\u00e8s au site Web et l&rsquo;utilisation non autoris\u00e9e des informations qu&rsquo;il contient rel\u00e8vent de la seule responsabilit\u00e9 de l&rsquo;utilisateur. PROMOU INVERSIO 2013, S.L. n&rsquo;est pas responsable des cons\u00e9quences ou des dommages pouvant d\u00e9couler de cet acc\u00e8s ou de cette utilisation. PROMOU INVERSIO 2013, S.L. n&rsquo;est pas responsable des erreurs de s\u00e9curit\u00e9 qui pourraient se produire ou des dommages qui pourraient \u00eatre caus\u00e9s au syst\u00e8me informatique de l&rsquo;utilisateur (mat\u00e9riel et logiciel), ou aux fichiers ou documents qui y sont stock\u00e9s, en raison de :<br>&#8211; la pr\u00e9sence d&rsquo;un virus sur l&rsquo;ordinateur de l&rsquo;utilisateur utilis\u00e9 pour se connecter aux services et contenus du site web,<br>&#8211; un mauvais fonctionnement du navigateur,<br>&#8211; et\/ou l&rsquo;utilisation de versions non mises \u00e0 jour de celui-ci.  <br>PROMOU INVERSIO 2013, S.L. n&rsquo;est pas responsable de la fiabilit\u00e9 et de la rapidit\u00e9 des liens hypertextes inclus dans le site web vers d&rsquo;autres sites web. PROMOU INVERSIO 2013, S.L. ne garantit pas l&rsquo;utilit\u00e9 de ces liens, ni n&rsquo;est responsable des contenus ou des services auxquels les utilisateurs peuvent acc\u00e9der \u00e0 travers ces liens, ni du bon fonctionnement de ces sites web.<br>PROMOU INVERSIO 2013, S.L. n&rsquo;est pas responsable des virus ou autres programmes informatiques qui endommagent ou peuvent endommager les syst\u00e8mes ou \u00e9quipements informatiques des utilisateurs lorsqu&rsquo;ils acc\u00e8dent \u00e0 son site web ou \u00e0 d&rsquo;autres sites web auxquels ils ont acc\u00e9d\u00e9 \u00e0 travers les liens de ce site web. <\/p><\/div><\/div><\/div><h2 style=\"clear: both; line-height: 1.4; margin-bottom: 0.75em; padding-top: 1.5em; color: #666666; font-size: 1.625rem; text-align: left;\">6.- UTILISATION DE LA TECHNOLOGIE DES \u00ab\u00a0COOKIES<\/h2><div style=\"color: #7a7a7a; font-family: Roboto, sans-serif; width: 1120px; font-size: 12.8px; text-align: left;\" data-id=\"52d1ec01\" data-element_type=\"widget\" data-widget_type=\"text-editor.default\"><div><div><p style=\"margin-right: 0px; margin-bottom: 1.5em; margin-left: 0px; padding: 0px;\">Le site n&rsquo;utilise pas de cookies ni d&rsquo;autres proc\u00e9d\u00e9s invisibles pour collecter des informations lorsque l&rsquo;utilisateur navigue sur le site, respectant ainsi \u00e0 tout moment la confidentialit\u00e9 et la vie priv\u00e9e de l&rsquo;utilisateur.<\/p><\/div><\/div><\/div><h2 style=\"clear: both; line-height: 1.4; margin-bottom: 0.75em; padding-top: 1.5em; color: #666666; font-size: 1.625rem; text-align: left;\">7.- PROPRI\u00c9T\u00c9 INTELLECTUELLE ET INDUSTRIELLE<\/h2><div style=\"color: #7a7a7a; font-family: Roboto, sans-serif; width: 1120px; font-size: 12.8px; text-align: left;\" data-id=\"52d1ec01\" data-element_type=\"widget\" data-widget_type=\"text-editor.default\"><div><div><p style=\"margin-right: 0px; margin-bottom: 1.5em; margin-left: 0px; padding: 0px;\">PROMOU INVERSIO 2013, S.L. est titulaire de tous les droits de propri\u00e9t\u00e9 industrielle et intellectuelle du site web et de ses contenus. Toute utilisation du site web ou de ses contenus doit \u00eatre exclusivement priv\u00e9e. Tout autre usage impliquant la copie, la reproduction, la distribution, la transformation, la communication publique ou toute autre action similaire de tout ou partie des contenus du site web est exclusivement r\u00e9serv\u00e9 \u00e0 PROMOU INVERSIO 2013, S.L., et par cons\u00e9quent aucun utilisateur ne pourra r\u00e9aliser ces actions sans l&rsquo;autorisation pr\u00e9alable et \u00e9crite de PROMOU INVERSIO 2013, S.L.  <\/p><\/div><\/div><\/div><h2 style=\"clear: both; line-height: 1.4; margin-bottom: 0.75em; padding-top: 1.5em; color: #666666; font-size: 1.625rem; text-align: left;\">  8.- POLITIQUE DE CONFIDENTIALIT\u00c9 ET DE PROTECTION DES DONN\u00c9ES<\/h2><div style=\"color: #7a7a7a; font-family: Roboto, sans-serif; width: 1120px; font-size: 12.8px; text-align: left;\" data-id=\"52d1ec01\" data-element_type=\"widget\" data-widget_type=\"text-editor.default\"><div><div><p style=\"margin-right: 0px; margin-bottom: 1.5em; margin-left: 0px; padding: 0px;\">PROMOU INVERSIO 2013, S.L. garantit la protection et la confidentialit\u00e9 des donn\u00e9es personnelles de toute nature qui lui sont fournies par les entreprises clientes, conform\u00e9ment aux dispositions de la loi organique 15\/1999 du 13 d\u00e9cembre sur la protection des donn\u00e9es personnelles.<br>Toutes les donn\u00e9es fournies par nos entreprises clientes \u00e0 PROMOU INVERSIO 2013, S.L. ou \u00e0 son personnel seront incluses dans un fichier automatis\u00e9 de donn\u00e9es \u00e0 caract\u00e8re personnel cr\u00e9\u00e9 et maintenu sous la responsabilit\u00e9 de PROMOU INVERSIO 2013, S.L., qui est indispensable pour fournir les services demand\u00e9s par les utilisateurs.<br>PROMOU INVERSIO 2013, S.L. a adopt\u00e9 les niveaux de protection l\u00e9galement requis et a install\u00e9 toutes les mesures techniques en son pouvoir pour \u00e9viter la perte, l&rsquo;utilisation abusive, l&rsquo;alt\u00e9ration ou l&rsquo;acc\u00e8s non autoris\u00e9 par des tiers. Cependant, l&rsquo;utilisateur doit savoir que les mesures de s\u00e9curit\u00e9 sur Internet ne sont pas infaillibles. Dans le cas o\u00f9 l&rsquo;utilisateur jugerait opportun de c\u00e9der ses donn\u00e9es personnelles \u00e0 d&rsquo;autres entit\u00e9s, il sera inform\u00e9 des donn\u00e9es c\u00e9d\u00e9es, de la finalit\u00e9 du fichier et du nom et de l&rsquo;adresse du cessionnaire, afin qu&rsquo;il puisse donner son consentement sans \u00e9quivoque \u00e0 cet \u00e9gard.<br>Conform\u00e9ment aux dispositions du RGPD, l&rsquo;utilisateur peut exercer ses droits d&rsquo;acc\u00e8s, de rectification, d&rsquo;annulation et d&rsquo;opposition. Pour ce faire, veuillez nous contacter \u00e0 l&rsquo;adresse suivante <span style=\"color: #333399;\"><a class=\"waffle-rich-text-link\" style=\"color: #333399;\" href=\"mailto:info@litthotels.com\">info@litthotels.com<\/a><\/span>   <\/p><\/div><\/div><\/div><h2 style=\"clear: both; line-height: 1.4; margin-bottom: 0.75em; padding-top: 1.5em; color: #666666; font-size: 1.625rem; text-align: left;\">9.- DROIT APPLICABLE ET JURIDICTION COMP\u00c9TENTE<\/h2><div style=\"color: #7a7a7a; font-family: Roboto, sans-serif; width: 1120px; font-size: 12.8px; text-align: left;\" data-id=\"52d1ec01\" data-element_type=\"widget\" data-widget_type=\"text-editor.default\"><div><div><p style=\"margin-right: 0px; margin-bottom: 1.5em; margin-left: 0px; padding: 0px;\">Le pr\u00e9sent avis juridique sera interpr\u00e9t\u00e9 et r\u00e9gi conform\u00e9ment \u00e0 la l\u00e9gislation espagnole. PROMOU INVERSIO 2013, S.L. et les utilisateurs, renon\u00e7ant express\u00e9ment \u00e0 toute autre juridiction \u00e0 laquelle ils pourraient pr\u00e9tendre, se soumettent aux cours et tribunaux du domicile de l&rsquo;utilisateur pour tout litige pouvant d\u00e9couler de l&rsquo;acc\u00e8s ou de l&rsquo;utilisation du site web. Si le domicile de l&rsquo;utilisateur se trouve en dehors de l&rsquo;Espagne, PROMOU INVERSIO 2013, S.L. et l&rsquo;utilisateur, renon\u00e7ant express\u00e9ment \u00e0 toute autre juridiction, se soumettent aux tribunaux du domicile de PROMOU INVERSIO 2013, S.L.  <\/p><\/div><\/div><\/div><\/div><\/div><div data-id=\"43929b0a\" data-element_type=\"widget\" data-widget_type=\"text-editor.default\"><div><div><div style=\"text-align: left;\"> <\/div><\/div><\/div><\/div>\t\t\t\t\t\t\t\t<\/div>\n\t\t\t\t<\/div>\n\t\t\t\t\t<\/div>\n\t\t<\/div>\n\t\t\t\t\t<\/div>\n\t\t<\/section>\n\t\t\t\t<\/div>\n\t\t","protected":false},"excerpt":{"rendered":"<p>Avis juridique Le pr\u00e9sent avis l\u00e9gal r\u00e9git les conditions g\u00e9n\u00e9rales d&rsquo;acc\u00e8s et d&rsquo;utilisation du site Internet accessible \u00e0 l&rsquo;adresse URL https:\/\/litthotels.com (ci-apr\u00e8s, le site Internet), que PROMOU INVERSIO 2013, S.L. met \u00e0 la disposition des internautes.ci-apr\u00e8s, le site web), que PROMOU INVERSIO 2013, S.L. met \u00e0 disposition des utilisateurs d&rsquo;Internet. L&rsquo;utilisation du site web implique [&hellip;]<\/p>\n","protected":false},"author":1,"featured_media":0,"parent":0,"menu_order":0,"comment_status":"closed","ping_status":"closed","template":"","meta":{"_exactmetrics_skip_tracking":false,"_exactmetrics_sitenote_active":false,"_exactmetrics_sitenote_note":"","_exactmetrics_sitenote_category":0,"site-sidebar-layout":"default","site-content-layout":"","ast-site-content-layout":"","site-content-style":"default","site-sidebar-style":"default","ast-global-header-display":"","ast-banner-title-visibility":"","ast-main-header-display":"","ast-hfb-above-header-display":"","ast-hfb-below-header-display":"","ast-hfb-mobile-header-display":"","site-post-title":"","ast-breadcrumbs-content":"","ast-featured-img":"","footer-sml-layout":"","theme-transparent-header-meta":"","adv-header-id-meta":"","stick-header-meta":"","header-above-stick-meta":"","header-main-stick-meta":"","header-below-stick-meta":"","astra-migrate-meta-layouts":"default","ast-page-background-enabled":"default","ast-page-background-meta":{"desktop":{"background-color":"","background-image":"","background-repeat":"repeat","background-position":"center center","background-size":"auto","background-attachment":"scroll","background-type":"","background-media":"","overlay-type":"","overlay-color":"","overlay-opacity":"","overlay-gradient":""},"tablet":{"background-color":"","background-image":"","background-repeat":"repeat","background-position":"center center","background-size":"auto","background-attachment":"scroll","background-type":"","background-media":"","overlay-type":"","overlay-color":"","overlay-opacity":"","overlay-gradient":""},"mobile":{"background-color":"","background-image":"","background-repeat":"repeat","background-position":"center center","background-size":"auto","background-attachment":"scroll","background-type":"","background-media":"","overlay-type":"","overlay-color":"","overlay-opacity":"","overlay-gradient":""}},"ast-content-background-meta":{"desktop":{"background-color":"var(--ast-global-color-5)","background-image":"","background-repeat":"repeat","background-position":"center center","background-size":"auto","background-attachment":"scroll","background-type":"","background-media":"","overlay-type":"","overlay-color":"","overlay-opacity":"","overlay-gradient":""},"tablet":{"background-color":"var(--ast-global-color-5)","background-image":"","background-repeat":"repeat","background-position":"center center","background-size":"auto","background-attachment":"scroll","background-type":"","background-media":"","overlay-type":"","overlay-color":"","overlay-opacity":"","overlay-gradient":""},"mobile":{"background-color":"var(--ast-global-color-5)","background-image":"","background-repeat":"repeat","background-position":"center center","background-size":"auto","background-attachment":"scroll","background-type":"","background-media":"","overlay-type":"","overlay-color":"","overlay-opacity":"","overlay-gradient":""}},"_FSMCFIC_featured_image_caption":"","_FSMCFIC_featured_image_nocaption":"","_FSMCFIC_featured_image_hide":"","footnotes":""},"class_list":["post-8997","page","type-page","status-publish","hentry"],"yoast_head":"<!-- This site is optimized with the Yoast SEO plugin v27.1.1 - https:\/\/yoast.com\/product\/yoast-seo-wordpress\/ -->\n<title>Avis juridique - Grupo Litt Hotels<\/title>\n<meta name=\"robots\" content=\"index, follow, max-snippet:-1, max-image-preview:large, max-video-preview:-1\" \/>\n<link rel=\"canonical\" href=\"https:\/\/www.litthotels.com\/fr\/avis-juridique\/\" \/>\n<meta property=\"og:locale\" content=\"fr_FR\" \/>\n<meta property=\"og:type\" content=\"article\" \/>\n<meta property=\"og:title\" content=\"Avis juridique - Grupo Litt Hotels\" \/>\n<meta property=\"og:description\" content=\"Avis juridique Le pr\u00e9sent avis l\u00e9gal r\u00e9git les conditions g\u00e9n\u00e9rales d&rsquo;acc\u00e8s et d&rsquo;utilisation du site Internet accessible \u00e0 l&rsquo;adresse URL https:\/\/litthotels.com (ci-apr\u00e8s, le site Internet), que PROMOU INVERSIO 2013, S.L. met \u00e0 la disposition des internautes.ci-apr\u00e8s, le site web), que PROMOU INVERSIO 2013, S.L. met \u00e0 disposition des utilisateurs d&rsquo;Internet. L&rsquo;utilisation du site web implique [&hellip;]\" \/>\n<meta property=\"og:url\" content=\"https:\/\/www.litthotels.com\/fr\/avis-juridique\/\" \/>\n<meta property=\"og:site_name\" content=\"Grupo Litt Hotels\" \/>\n<meta property=\"article:modified_time\" content=\"2025-05-20T17:03:52+00:00\" \/>\n<meta name=\"twitter:card\" content=\"summary_large_image\" \/>\n<meta name=\"twitter:label1\" content=\"Dur\u00e9e de lecture estim\u00e9e\" \/>\n\t<meta name=\"twitter:data1\" content=\"6 minutes\" \/>\n<script type=\"application\/ld+json\" class=\"yoast-schema-graph\">{\"@context\":\"https:\/\/schema.org\",\"@graph\":[{\"@type\":\"WebPage\",\"@id\":\"https:\/\/www.litthotels.com\/fr\/avis-juridique\/\",\"url\":\"https:\/\/www.litthotels.com\/fr\/avis-juridique\/\",\"name\":\"Avis juridique - Grupo Litt Hotels\",\"isPartOf\":{\"@id\":\"https:\/\/www.litthotels.com\/fr\/#website\"},\"datePublished\":\"2020-07-30T10:26:37+00:00\",\"dateModified\":\"2025-05-20T17:03:52+00:00\",\"breadcrumb\":{\"@id\":\"https:\/\/www.litthotels.com\/fr\/avis-juridique\/#breadcrumb\"},\"inLanguage\":\"fr-FR\",\"potentialAction\":[{\"@type\":\"ReadAction\",\"target\":[\"https:\/\/www.litthotels.com\/fr\/avis-juridique\/\"]}]},{\"@type\":\"BreadcrumbList\",\"@id\":\"https:\/\/www.litthotels.com\/fr\/avis-juridique\/#breadcrumb\",\"itemListElement\":[{\"@type\":\"ListItem\",\"position\":1,\"name\":\"Portada\",\"item\":\"https:\/\/www.litthotels.com\/fr\/\"},{\"@type\":\"ListItem\",\"position\":2,\"name\":\"Avis juridique\"}]},{\"@type\":\"WebSite\",\"@id\":\"https:\/\/www.litthotels.com\/fr\/#website\",\"url\":\"https:\/\/www.litthotels.com\/fr\/\",\"name\":\"Grupo Litt Hotels\",\"description\":\"Grupo hotelero con Hoteles en Catalu\u00f1a y Baleares\",\"publisher\":{\"@id\":\"https:\/\/www.litthotels.com\/fr\/#organization\"},\"potentialAction\":[{\"@type\":\"SearchAction\",\"target\":{\"@type\":\"EntryPoint\",\"urlTemplate\":\"https:\/\/www.litthotels.com\/fr\/?s={search_term_string}\"},\"query-input\":{\"@type\":\"PropertyValueSpecification\",\"valueRequired\":true,\"valueName\":\"search_term_string\"}}],\"inLanguage\":\"fr-FR\"},{\"@type\":\"Organization\",\"@id\":\"https:\/\/www.litthotels.com\/fr\/#organization\",\"name\":\"Open Hotels\",\"url\":\"https:\/\/www.litthotels.com\/fr\/\",\"logo\":{\"@type\":\"ImageObject\",\"inLanguage\":\"fr-FR\",\"@id\":\"https:\/\/www.litthotels.com\/fr\/#\/schema\/logo\/image\/\",\"url\":\"\",\"contentUrl\":\"\",\"caption\":\"Open Hotels\"},\"image\":{\"@id\":\"https:\/\/www.litthotels.com\/fr\/#\/schema\/logo\/image\/\"}}]}<\/script>\n<!-- \/ Yoast SEO plugin. -->","yoast_head_json":{"title":"Avis juridique - Grupo Litt Hotels","robots":{"index":"index","follow":"follow","max-snippet":"max-snippet:-1","max-image-preview":"max-image-preview:large","max-video-preview":"max-video-preview:-1"},"canonical":"https:\/\/www.litthotels.com\/fr\/avis-juridique\/","og_locale":"fr_FR","og_type":"article","og_title":"Avis juridique - Grupo Litt Hotels","og_description":"Avis juridique Le pr\u00e9sent avis l\u00e9gal r\u00e9git les conditions g\u00e9n\u00e9rales d&rsquo;acc\u00e8s et d&rsquo;utilisation du site Internet accessible \u00e0 l&rsquo;adresse URL https:\/\/litthotels.com (ci-apr\u00e8s, le site Internet), que PROMOU INVERSIO 2013, S.L. met \u00e0 la disposition des internautes.ci-apr\u00e8s, le site web), que PROMOU INVERSIO 2013, S.L. met \u00e0 disposition des utilisateurs d&rsquo;Internet. L&rsquo;utilisation du site web implique [&hellip;]","og_url":"https:\/\/www.litthotels.com\/fr\/avis-juridique\/","og_site_name":"Grupo Litt Hotels","article_modified_time":"2025-05-20T17:03:52+00:00","twitter_card":"summary_large_image","twitter_misc":{"Dur\u00e9e de lecture estim\u00e9e":"6 minutes"},"schema":{"@context":"https:\/\/schema.org","@graph":[{"@type":"WebPage","@id":"https:\/\/www.litthotels.com\/fr\/avis-juridique\/","url":"https:\/\/www.litthotels.com\/fr\/avis-juridique\/","name":"Avis juridique - Grupo Litt Hotels","isPartOf":{"@id":"https:\/\/www.litthotels.com\/fr\/#website"},"datePublished":"2020-07-30T10:26:37+00:00","dateModified":"2025-05-20T17:03:52+00:00","breadcrumb":{"@id":"https:\/\/www.litthotels.com\/fr\/avis-juridique\/#breadcrumb"},"inLanguage":"fr-FR","potentialAction":[{"@type":"ReadAction","target":["https:\/\/www.litthotels.com\/fr\/avis-juridique\/"]}]},{"@type":"BreadcrumbList","@id":"https:\/\/www.litthotels.com\/fr\/avis-juridique\/#breadcrumb","itemListElement":[{"@type":"ListItem","position":1,"name":"Portada","item":"https:\/\/www.litthotels.com\/fr\/"},{"@type":"ListItem","position":2,"name":"Avis juridique"}]},{"@type":"WebSite","@id":"https:\/\/www.litthotels.com\/fr\/#website","url":"https:\/\/www.litthotels.com\/fr\/","name":"Grupo Litt Hotels","description":"Grupo hotelero con Hoteles en Catalu\u00f1a y Baleares","publisher":{"@id":"https:\/\/www.litthotels.com\/fr\/#organization"},"potentialAction":[{"@type":"SearchAction","target":{"@type":"EntryPoint","urlTemplate":"https:\/\/www.litthotels.com\/fr\/?s={search_term_string}"},"query-input":{"@type":"PropertyValueSpecification","valueRequired":true,"valueName":"search_term_string"}}],"inLanguage":"fr-FR"},{"@type":"Organization","@id":"https:\/\/www.litthotels.com\/fr\/#organization","name":"Open Hotels","url":"https:\/\/www.litthotels.com\/fr\/","logo":{"@type":"ImageObject","inLanguage":"fr-FR","@id":"https:\/\/www.litthotels.com\/fr\/#\/schema\/logo\/image\/","url":"","contentUrl":"","caption":"Open Hotels"},"image":{"@id":"https:\/\/www.litthotels.com\/fr\/#\/schema\/logo\/image\/"}}]}},"_links":{"self":[{"href":"https:\/\/www.litthotels.com\/fr\/wp-json\/wp\/v2\/pages\/8997","targetHints":{"allow":["GET"]}}],"collection":[{"href":"https:\/\/www.litthotels.com\/fr\/wp-json\/wp\/v2\/pages"}],"about":[{"href":"https:\/\/www.litthotels.com\/fr\/wp-json\/wp\/v2\/types\/page"}],"author":[{"embeddable":true,"href":"https:\/\/www.litthotels.com\/fr\/wp-json\/wp\/v2\/users\/1"}],"replies":[{"embeddable":true,"href":"https:\/\/www.litthotels.com\/fr\/wp-json\/wp\/v2\/comments?post=8997"}],"version-history":[{"count":1,"href":"https:\/\/www.litthotels.com\/fr\/wp-json\/wp\/v2\/pages\/8997\/revisions"}],"predecessor-version":[{"id":8999,"href":"https:\/\/www.litthotels.com\/fr\/wp-json\/wp\/v2\/pages\/8997\/revisions\/8999"}],"wp:attachment":[{"href":"https:\/\/www.litthotels.com\/fr\/wp-json\/wp\/v2\/media?parent=8997"}],"curies":[{"name":"wp","href":"https:\/\/api.w.org\/{rel}","templated":true}]}}