{"id":8967,"date":"2020-07-30T10:46:34","date_gmt":"2020-07-30T10:46:34","guid":{"rendered":"https:\/\/www.litthotels.com\/politique-en-matiere-de-cookies\/"},"modified":"2025-05-20T16:53:48","modified_gmt":"2025-05-20T16:53:48","slug":"politique-en-matiere-de-cookies","status":"publish","type":"page","link":"https:\/\/www.litthotels.com\/fr\/politique-en-matiere-de-cookies\/","title":{"rendered":"Politique en mati\u00e8re de cookies"},"content":{"rendered":"\t\t<div data-elementor-type=\"wp-page\" data-elementor-id=\"8967\" class=\"elementor elementor-8967 elementor-2132\" data-elementor-post-type=\"page\">\n\t\t\t\t\t\t<section class=\"elementor-section elementor-top-section elementor-element elementor-element-b8e6d69 elementor-section-boxed elementor-section-height-default elementor-section-height-default\" data-id=\"b8e6d69\" data-element_type=\"section\" data-e-type=\"section\">\n\t\t\t\t\t\t<div class=\"elementor-container elementor-column-gap-default\">\n\t\t\t\t\t<div class=\"elementor-column elementor-col-100 elementor-top-column elementor-element elementor-element-fbee1ab\" data-id=\"fbee1ab\" data-element_type=\"column\" data-e-type=\"column\">\n\t\t\t<div class=\"elementor-widget-wrap elementor-element-populated\">\n\t\t\t\t\t\t<div class=\"elementor-element elementor-element-055d908 elementor-widget elementor-widget-text-editor\" data-id=\"055d908\" data-element_type=\"widget\" data-e-type=\"widget\" data-widget_type=\"text-editor.default\">\n\t\t\t\t<div class=\"elementor-widget-container\">\n\t\t\t\t\t\t\t\t\t<div class=\"elementor-element elementor-element-dfa6bd8 elementor-widget elementor-widget-heading\" data-id=\"dfa6bd8\" data-element_type=\"widget\" data-widget_type=\"heading.default\"><div class=\"elementor-widget-container\"><h2>Politique en mati\u00e8re de cookies<\/h2><h4>Qu&rsquo;est-ce qu&rsquo;un biscuit ?<\/h4><p>Les cookies sont de petits fichiers de donn\u00e9es qui sont re\u00e7us sur le terminal \u00e0 partir d&rsquo;un site web visit\u00e9 et qui sont utilis\u00e9s pour enregistrer certaines interactions de navigation sur un site web en stockant des donn\u00e9es qui peuvent \u00eatre mises \u00e0 jour et r\u00e9cup\u00e9r\u00e9es.<\/p><p>Ces fichiers sont stock\u00e9s sur l&rsquo;ordinateur de l&rsquo;utilisateur et contiennent des donn\u00e9es anonymes qui ne nuisent pas \u00e0 votre ordinateur. Ils sont utilis\u00e9s pour m\u00e9moriser les pr\u00e9f\u00e9rences de l&rsquo;utilisateur, telles que la langue s\u00e9lectionn\u00e9e, les donn\u00e9es d&rsquo;acc\u00e8s ou la personnalisation. <\/p><p>Les cookies peuvent \u00e9galement \u00eatre utilis\u00e9s pour enregistrer des informations anonymes sur la mani\u00e8re dont le visiteur utilise le site web. Par exemple, \u00e0 partir de quelle page web il a acc\u00e9d\u00e9 au site ou si vous avez utilis\u00e9 une banni\u00e8re publicitaire pour y acc\u00e9der. <\/p><h4>Quelles sont les utilisations des diff\u00e9rents types de cookies ?<\/h4><p><strong>En fonction de leur objectif :<\/strong><\/p><ul><li>Cookies techniques<\/li><\/ul><p>Les cookies techniques sont ceux qui sont essentiels et strictement n\u00e9cessaires au bon fonctionnement d&rsquo;un site web et \u00e0 l&rsquo;utilisation des diff\u00e9rentes options et services qu&rsquo;il propose. Par exemple, ceux qui sont utilis\u00e9s pour le maintien de la session, la gestion du temps de r\u00e9ponse, l&rsquo;ex\u00e9cution ou la validation des options, l&rsquo;utilisation d&rsquo;\u00e9l\u00e9ments de s\u00e9curit\u00e9, le partage de contenus avec les r\u00e9seaux sociaux, etc. <\/p><ul><li>Cookies de personnalisation<\/li><\/ul><p>Ces cookies permettent \u00e0 l&rsquo;utilisateur de sp\u00e9cifier ou de personnaliser certaines caract\u00e9ristiques des options g\u00e9n\u00e9rales du site web. Par exemple, pour d\u00e9finir la langue, la configuration r\u00e9gionale ou le type de navigateur. <\/p><ul><li>Cookies analytiques<\/li><\/ul><p>Les cookies analytiques sont ceux utilis\u00e9s par notre site web pour cr\u00e9er des profils de navigation et conna\u00eetre les pr\u00e9f\u00e9rences des utilisateurs afin d&rsquo;am\u00e9liorer l&rsquo;offre de produits et de services. Par exemple, un cookie analytique sera utilis\u00e9 pour contr\u00f4ler les zones g\u00e9ographiques les plus int\u00e9ressantes pour un utilisateur, quel est le produit le plus populaire, etc. <\/p><ul><li>Cookies publicitaires<\/li><\/ul><p>Les cookies publicitaires permettent de g\u00e9rer les espaces publicitaires en fonction de crit\u00e8res sp\u00e9cifiques. Par exemple, la fr\u00e9quence d&rsquo;acc\u00e8s, le contenu \u00e9dit\u00e9, etc. Les cookies publicitaires permettent, par le biais de la gestion de la publicit\u00e9, de stocker des informations comportementales en observant les habitudes, en \u00e9tudiant les acc\u00e8s et en formant un profil des pr\u00e9f\u00e9rences de l&rsquo;utilisateur, afin de lui proposer des publicit\u00e9s en rapport avec les int\u00e9r\u00eats de son profil.  <\/p><p><strong>Selon la date limite :<\/strong><\/p><ul><li>Cookies de session<br>Les cookies de session sont ceux qui sont utilis\u00e9s pendant que l&rsquo;utilisateur navigue sur le site web et qui sont supprim\u00e9s lorsque l&rsquo;utilisateur a termin\u00e9.<\/li><li>Cookies persistants<br>Ces cookies sont stock\u00e9s dans le terminal de l&rsquo;utilisateur pour une p\u00e9riode plus longue, ce qui permet de contr\u00f4ler plus facilement les pr\u00e9f\u00e9rences choisies sans avoir \u00e0 r\u00e9p\u00e9ter certains param\u00e8tres \u00e0 chaque fois que l&rsquo;on visite le site web.<\/li><\/ul><p> <\/p><h4>Pourquoi utilisons-nous des cookies ?<\/h4><p>Nous utilisons des cookies qui sont strictement n\u00e9cessaires et essentiels pour vous permettre d&rsquo;utiliser notre site web et de vous d\u00e9placer librement, d&rsquo;utiliser des zones s\u00e9curis\u00e9es, de configurer des options personnalis\u00e9es, etc. Nous utilisons \u00e9galement des cookies qui collectent des donn\u00e9es relatives \u00e0 l&rsquo;analyse de l&rsquo;utilisation du site web. Nous utilisons \u00e9galement des cookies qui collectent des donn\u00e9es relatives \u00e0 l&rsquo;analyse de l&rsquo;utilisation du site web. Ils sont utilis\u00e9s pour am\u00e9liorer l&rsquo;exp\u00e9rience de l&rsquo;utilisateur et la performance des pages.  <\/p><p>Des cookies de tiers peuvent \u00eatre install\u00e9s par des tiers sur certains sites web. Nous ne contr\u00f4lons pas les cookies utilis\u00e9s par ces tiers sur les sites web externes. Pour plus d&rsquo;informations sur les cookies de tiers, nous vous conseillons de consulter leurs propres politiques en mati\u00e8re de cookies.  <\/p><p><strong>Les cookies utilis\u00e9s par ce site sont :<\/strong><\/p><table width=\"833\"><tbody><tr><td> <\/td><td> <\/td><td><p>Dur\u00e9e de l&rsquo;accord<\/p><\/td><td><p>Cat\u00e9gorie<\/p><\/td><\/tr><tr><td><p>politique_cookie_vu<\/p><\/td><td><p>Le cookie est d\u00e9fini par le plugin GDPR Cookie Consent et est utilis\u00e9 pour enregistrer si l&rsquo;utilisateur a consenti ou non \u00e0 l&rsquo;utilisation de cookies. Il ne stocke aucune donn\u00e9e personnelle. <\/p><\/td><td><p>1 heure<\/p><\/td><td><p>n\u00e9cessaire<\/p><\/td><\/tr><tr><td><p>PHPSESSID<\/p><\/td><td><p>Ce cookie est natif des applications PHP. Il est utilis\u00e9 pour stocker et identifier l&rsquo;identifiant de session unique d&rsquo;un utilisateur dans le but de g\u00e9rer la session de l&rsquo;utilisateur sur le site web. Il s&rsquo;agit d&rsquo;un cookie de session qui est supprim\u00e9 lorsque toutes les fen\u00eatres du navigateur sont ferm\u00e9es.  <\/p><\/td><td><p>1 an<\/p><\/td><td><p>n\u00e9cessaire<\/p><\/td><\/tr><tr><td><p>_ga<\/p><\/td><td><p>Ce cookie est install\u00e9 par Google Analytics. Il est utilis\u00e9 pour calculer les donn\u00e9es relatives aux visiteurs, aux sessions et aux campagnes et pour suivre l&rsquo;utilisation du site dans le cadre du rapport d&rsquo;analyse du site. Les cookies stockent les informations de mani\u00e8re anonyme et attribuent un num\u00e9ro g\u00e9n\u00e9r\u00e9 de mani\u00e8re al\u00e9atoire pour identifier les visiteurs uniques.  <\/p><\/td><td><p>2 ans<\/p><\/td><td><p>l&rsquo;analyse<\/p><\/td><\/tr><tr><td><p>_gid<\/p><\/td><td><p>Ce cookie est install\u00e9 par Google Analytics. Il est utilis\u00e9 pour stocker des informations sur la mani\u00e8re dont les visiteurs utilisent un site web et permet de cr\u00e9er un rapport analytique sur l&rsquo;activit\u00e9 du site. Les donn\u00e9es collect\u00e9es comprennent le nombre de visiteurs, la source d&rsquo;o\u00f9 ils viennent et les pages visit\u00e9es sous une forme anonyme.  <\/p><\/td><td><p>1 jour<\/p><\/td><td><p>l&rsquo;analyse<\/p><\/td><\/tr><tr><td><p>_gat<\/p><\/td><td><p>Ce cookie est install\u00e9 par Google Universal Analytics pour r\u00e9duire le taux de requ\u00eate afin de limiter la collecte de donn\u00e9es sur les sites \u00e0 fort trafic.<\/p><\/td><td><p>1 minute<\/p><\/td><td><p>performance<\/p><\/td><\/tr><tr><td><p>case \u00e0 cocher n\u00e9cessaire pour le droit de la concurrence<\/p><\/td><td><p>Ce cookie est d\u00e9fini par le plugin GDPR Cookie Consent. L&rsquo;objectif de ce cookie est de v\u00e9rifier si l&rsquo;utilisateur a donn\u00e9 son consentement \u00e0 l&rsquo;utilisation de cookies dans la cat\u00e9gorie \u00ab\u00a0N\u00e9cessaire\u00a0\u00bb. <\/p><\/td><td><p>1 an<\/p><\/td><td><p>n\u00e9cessaire<\/p><\/td><\/tr><tr><td><p>cookielawinfo-checkbox-non-n\u00e9cessaire<\/p><\/td><td><p>Ce cookie est d\u00e9fini par le plugin GDPR Cookie Consent. L&rsquo;objectif de ce cookie est de v\u00e9rifier si l&rsquo;utilisateur a donn\u00e9 son consentement \u00e0 l&rsquo;utilisation de cookies dans la cat\u00e9gorie \u00ab\u00a0Non n\u00e9cessaire\u00a0\u00bb. <\/p><\/td><td><p>1 an<\/p><\/td><td><p>n\u00e9cessaire<\/p><\/td><\/tr><\/tbody><\/table><p> <\/p><p>Ailleurs sur le site, des cookies de tiers sont install\u00e9s pour tous les visiteurs, m\u00eame s&rsquo;ils ne sont pas des utilisateurs enregistr\u00e9s des plateformes concern\u00e9es :<\/p><ul><li>Sur <strong>Facebook<\/strong>: datr, reg_fb_gate, reg_ext_ref, reg_fb_ref. leurs objectifs sont d\u00e9crits sur la page des cookies de Facebook. ailleurs sur le site, des cookies de tiers sont install\u00e9s pour tous les visiteurs, m\u00eame s&rsquo;ils ne sont pas des utilisateurs enregistr\u00e9s des plateformes concern\u00e9es : <\/li><li>Sur <strong>Twitter<\/strong>: pid, _twitter_sess, guest_id, _utma, _utmb, _utmc, _utmz, _utmv, _utmt. Leurs objectifs sont d\u00e9crits sur la page des cookies de Twitter. <\/li><\/ul><p> <\/p><h4>Comment g\u00e9rer les cookies ?<\/h4><p>L&rsquo;installation de cookies est n\u00e9cessaire pour utiliser ce site web. En continuant \u00e0 naviguer sur notre site web sans en refuser l&rsquo;autorisation, vous acceptez notre utilisation des cookies. Veuillez noter que si vous refusez ou supprimez les cookies de navigation, nous ne serons pas en mesure de conserver vos pr\u00e9f\u00e9rences et certaines fonctionnalit\u00e9s des pages web pourraient ne pas \u00eatre op\u00e9rationnelles.  <\/p><p>Vous pouvez r\u00e9voquer le consentement donn\u00e9 en cessant de naviguer, en ne les acceptant pas ou en configurant votre navigateur pour les bloquer et, le cas \u00e9ch\u00e9ant, les supprimer. Plus d&rsquo;informations pour chaque navigateur : <\/p><p><strong>Firefox<\/strong> \u00e0 partir de <a href=\"http:\/\/support.mozilla.org\/es\/products\/firefox\/cookies\">http:\/\/support.mozilla.org\/es\/products\/firefox\/cookies<\/a><\/p><p><strong>Chrome<\/strong> \u00e0 partir de <a href=\"http:\/\/support.google.com\/chrome\/bin\/answer.py?hl=es&amp;answer=95647\">http:\/\/support.google.com\/chrome\/bin\/answer.py?hl=es&amp;answer=95647<\/a><\/p><p><strong>Explorer<\/strong> \u00e0 partir de <a href=\"http:\/\/windows.microsoft.com\/es-es\/windows7\/how-to-manage-cookies-in-internet-explorer-9\">http:\/\/windows.microsoft.com\/es-es\/windows7\/how-to-manage-cookies-in-internet-explorer-9<\/a><\/p><p><strong>Safari<\/strong> \u00e0 partir de <a href=\"http:\/\/support.apple.com\/kb\/ph5042\">http:\/\/support.apple.com\/kb\/ph5042<\/a><\/p><\/div><\/div>\t\t\t\t\t\t\t\t<\/div>\n\t\t\t\t<\/div>\n\t\t\t\t\t<\/div>\n\t\t<\/div>\n\t\t\t\t\t<\/div>\n\t\t<\/section>\n\t\t\t\t<\/div>\n\t\t","protected":false},"excerpt":{"rendered":"<p>Politique en mati\u00e8re de cookies Qu&rsquo;est-ce qu&rsquo;un biscuit ? Les cookies sont de petits fichiers de donn\u00e9es qui sont re\u00e7us sur le terminal \u00e0 partir d&rsquo;un site web visit\u00e9 et qui sont utilis\u00e9s pour enregistrer certaines interactions de navigation sur un site web en stockant des donn\u00e9es qui peuvent \u00eatre mises \u00e0 jour et r\u00e9cup\u00e9r\u00e9es. [&hellip;]<\/p>\n","protected":false},"author":1,"featured_media":0,"parent":0,"menu_order":0,"comment_status":"closed","ping_status":"closed","template":"","meta":{"_exactmetrics_skip_tracking":false,"_exactmetrics_sitenote_active":false,"_exactmetrics_sitenote_note":"","_exactmetrics_sitenote_category":0,"site-sidebar-layout":"default","site-content-layout":"","ast-site-content-layout":"","site-content-style":"default","site-sidebar-style":"default","ast-global-header-display":"","ast-banner-title-visibility":"","ast-main-header-display":"","ast-hfb-above-header-display":"","ast-hfb-below-header-display":"","ast-hfb-mobile-header-display":"","site-post-title":"","ast-breadcrumbs-content":"","ast-featured-img":"","footer-sml-layout":"","theme-transparent-header-meta":"","adv-header-id-meta":"","stick-header-meta":"","header-above-stick-meta":"","header-main-stick-meta":"","header-below-stick-meta":"","astra-migrate-meta-layouts":"default","ast-page-background-enabled":"default","ast-page-background-meta":{"desktop":{"background-color":"","background-image":"","background-repeat":"repeat","background-position":"center center","background-size":"auto","background-attachment":"scroll","background-type":"","background-media":"","overlay-type":"","overlay-color":"","overlay-opacity":"","overlay-gradient":""},"tablet":{"background-color":"","background-image":"","background-repeat":"repeat","background-position":"center center","background-size":"auto","background-attachment":"scroll","background-type":"","background-media":"","overlay-type":"","overlay-color":"","overlay-opacity":"","overlay-gradient":""},"mobile":{"background-color":"","background-image":"","background-repeat":"repeat","background-position":"center center","background-size":"auto","background-attachment":"scroll","background-type":"","background-media":"","overlay-type":"","overlay-color":"","overlay-opacity":"","overlay-gradient":""}},"ast-content-background-meta":{"desktop":{"background-color":"var(--ast-global-color-5)","background-image":"","background-repeat":"repeat","background-position":"center center","background-size":"auto","background-attachment":"scroll","background-type":"","background-media":"","overlay-type":"","overlay-color":"","overlay-opacity":"","overlay-gradient":""},"tablet":{"background-color":"var(--ast-global-color-5)","background-image":"","background-repeat":"repeat","background-position":"center center","background-size":"auto","background-attachment":"scroll","background-type":"","background-media":"","overlay-type":"","overlay-color":"","overlay-opacity":"","overlay-gradient":""},"mobile":{"background-color":"var(--ast-global-color-5)","background-image":"","background-repeat":"repeat","background-position":"center center","background-size":"auto","background-attachment":"scroll","background-type":"","background-media":"","overlay-type":"","overlay-color":"","overlay-opacity":"","overlay-gradient":""}},"_FSMCFIC_featured_image_caption":"","_FSMCFIC_featured_image_nocaption":"","_FSMCFIC_featured_image_hide":"","footnotes":""},"class_list":["post-8967","page","type-page","status-publish","hentry"],"yoast_head":"<!-- This site is optimized with the Yoast SEO plugin v27.1.1 - https:\/\/yoast.com\/product\/yoast-seo-wordpress\/ -->\n<title>Politique en mati\u00e8re de cookies - Grupo Litt Hotels<\/title>\n<meta name=\"robots\" content=\"index, follow, max-snippet:-1, max-image-preview:large, max-video-preview:-1\" \/>\n<link rel=\"canonical\" href=\"https:\/\/www.litthotels.com\/fr\/politique-en-matiere-de-cookies\/\" \/>\n<meta property=\"og:locale\" content=\"fr_FR\" \/>\n<meta property=\"og:type\" content=\"article\" \/>\n<meta property=\"og:title\" content=\"Politique en mati\u00e8re de cookies - Grupo Litt Hotels\" \/>\n<meta property=\"og:description\" content=\"Politique en mati\u00e8re de cookies Qu&rsquo;est-ce qu&rsquo;un biscuit ? Les cookies sont de petits fichiers de donn\u00e9es qui sont re\u00e7us sur le terminal \u00e0 partir d&rsquo;un site web visit\u00e9 et qui sont utilis\u00e9s pour enregistrer certaines interactions de navigation sur un site web en stockant des donn\u00e9es qui peuvent \u00eatre mises \u00e0 jour et r\u00e9cup\u00e9r\u00e9es. [&hellip;]\" \/>\n<meta property=\"og:url\" content=\"https:\/\/www.litthotels.com\/fr\/politique-en-matiere-de-cookies\/\" \/>\n<meta property=\"og:site_name\" content=\"Grupo Litt Hotels\" \/>\n<meta property=\"article:modified_time\" content=\"2025-05-20T16:53:48+00:00\" \/>\n<meta name=\"twitter:card\" content=\"summary_large_image\" \/>\n<meta name=\"twitter:label1\" content=\"Dur\u00e9e de lecture estim\u00e9e\" \/>\n\t<meta name=\"twitter:data1\" content=\"6 minutes\" \/>\n<script type=\"application\/ld+json\" class=\"yoast-schema-graph\">{\"@context\":\"https:\/\/schema.org\",\"@graph\":[{\"@type\":\"WebPage\",\"@id\":\"https:\/\/www.litthotels.com\/fr\/politique-en-matiere-de-cookies\/\",\"url\":\"https:\/\/www.litthotels.com\/fr\/politique-en-matiere-de-cookies\/\",\"name\":\"Politique en mati\u00e8re de cookies - Grupo Litt Hotels\",\"isPartOf\":{\"@id\":\"https:\/\/www.litthotels.com\/fr\/#website\"},\"datePublished\":\"2020-07-30T10:46:34+00:00\",\"dateModified\":\"2025-05-20T16:53:48+00:00\",\"breadcrumb\":{\"@id\":\"https:\/\/www.litthotels.com\/fr\/politique-en-matiere-de-cookies\/#breadcrumb\"},\"inLanguage\":\"fr-FR\",\"potentialAction\":[{\"@type\":\"ReadAction\",\"target\":[\"https:\/\/www.litthotels.com\/fr\/politique-en-matiere-de-cookies\/\"]}]},{\"@type\":\"BreadcrumbList\",\"@id\":\"https:\/\/www.litthotels.com\/fr\/politique-en-matiere-de-cookies\/#breadcrumb\",\"itemListElement\":[{\"@type\":\"ListItem\",\"position\":1,\"name\":\"Portada\",\"item\":\"https:\/\/www.litthotels.com\/fr\/\"},{\"@type\":\"ListItem\",\"position\":2,\"name\":\"Politique en mati\u00e8re de cookies\"}]},{\"@type\":\"WebSite\",\"@id\":\"https:\/\/www.litthotels.com\/fr\/#website\",\"url\":\"https:\/\/www.litthotels.com\/fr\/\",\"name\":\"Grupo Litt Hotels\",\"description\":\"Grupo hotelero con Hoteles en Catalu\u00f1a y Baleares\",\"publisher\":{\"@id\":\"https:\/\/www.litthotels.com\/fr\/#organization\"},\"potentialAction\":[{\"@type\":\"SearchAction\",\"target\":{\"@type\":\"EntryPoint\",\"urlTemplate\":\"https:\/\/www.litthotels.com\/fr\/?s={search_term_string}\"},\"query-input\":{\"@type\":\"PropertyValueSpecification\",\"valueRequired\":true,\"valueName\":\"search_term_string\"}}],\"inLanguage\":\"fr-FR\"},{\"@type\":\"Organization\",\"@id\":\"https:\/\/www.litthotels.com\/fr\/#organization\",\"name\":\"Open Hotels\",\"url\":\"https:\/\/www.litthotels.com\/fr\/\",\"logo\":{\"@type\":\"ImageObject\",\"inLanguage\":\"fr-FR\",\"@id\":\"https:\/\/www.litthotels.com\/fr\/#\/schema\/logo\/image\/\",\"url\":\"\",\"contentUrl\":\"\",\"caption\":\"Open Hotels\"},\"image\":{\"@id\":\"https:\/\/www.litthotels.com\/fr\/#\/schema\/logo\/image\/\"}}]}<\/script>\n<!-- \/ Yoast SEO plugin. -->","yoast_head_json":{"title":"Politique en mati\u00e8re de cookies - Grupo Litt Hotels","robots":{"index":"index","follow":"follow","max-snippet":"max-snippet:-1","max-image-preview":"max-image-preview:large","max-video-preview":"max-video-preview:-1"},"canonical":"https:\/\/www.litthotels.com\/fr\/politique-en-matiere-de-cookies\/","og_locale":"fr_FR","og_type":"article","og_title":"Politique en mati\u00e8re de cookies - Grupo Litt Hotels","og_description":"Politique en mati\u00e8re de cookies Qu&rsquo;est-ce qu&rsquo;un biscuit ? Les cookies sont de petits fichiers de donn\u00e9es qui sont re\u00e7us sur le terminal \u00e0 partir d&rsquo;un site web visit\u00e9 et qui sont utilis\u00e9s pour enregistrer certaines interactions de navigation sur un site web en stockant des donn\u00e9es qui peuvent \u00eatre mises \u00e0 jour et r\u00e9cup\u00e9r\u00e9es. [&hellip;]","og_url":"https:\/\/www.litthotels.com\/fr\/politique-en-matiere-de-cookies\/","og_site_name":"Grupo Litt Hotels","article_modified_time":"2025-05-20T16:53:48+00:00","twitter_card":"summary_large_image","twitter_misc":{"Dur\u00e9e de lecture estim\u00e9e":"6 minutes"},"schema":{"@context":"https:\/\/schema.org","@graph":[{"@type":"WebPage","@id":"https:\/\/www.litthotels.com\/fr\/politique-en-matiere-de-cookies\/","url":"https:\/\/www.litthotels.com\/fr\/politique-en-matiere-de-cookies\/","name":"Politique en mati\u00e8re de cookies - Grupo Litt Hotels","isPartOf":{"@id":"https:\/\/www.litthotels.com\/fr\/#website"},"datePublished":"2020-07-30T10:46:34+00:00","dateModified":"2025-05-20T16:53:48+00:00","breadcrumb":{"@id":"https:\/\/www.litthotels.com\/fr\/politique-en-matiere-de-cookies\/#breadcrumb"},"inLanguage":"fr-FR","potentialAction":[{"@type":"ReadAction","target":["https:\/\/www.litthotels.com\/fr\/politique-en-matiere-de-cookies\/"]}]},{"@type":"BreadcrumbList","@id":"https:\/\/www.litthotels.com\/fr\/politique-en-matiere-de-cookies\/#breadcrumb","itemListElement":[{"@type":"ListItem","position":1,"name":"Portada","item":"https:\/\/www.litthotels.com\/fr\/"},{"@type":"ListItem","position":2,"name":"Politique en mati\u00e8re de cookies"}]},{"@type":"WebSite","@id":"https:\/\/www.litthotels.com\/fr\/#website","url":"https:\/\/www.litthotels.com\/fr\/","name":"Grupo Litt Hotels","description":"Grupo hotelero con Hoteles en Catalu\u00f1a y Baleares","publisher":{"@id":"https:\/\/www.litthotels.com\/fr\/#organization"},"potentialAction":[{"@type":"SearchAction","target":{"@type":"EntryPoint","urlTemplate":"https:\/\/www.litthotels.com\/fr\/?s={search_term_string}"},"query-input":{"@type":"PropertyValueSpecification","valueRequired":true,"valueName":"search_term_string"}}],"inLanguage":"fr-FR"},{"@type":"Organization","@id":"https:\/\/www.litthotels.com\/fr\/#organization","name":"Open Hotels","url":"https:\/\/www.litthotels.com\/fr\/","logo":{"@type":"ImageObject","inLanguage":"fr-FR","@id":"https:\/\/www.litthotels.com\/fr\/#\/schema\/logo\/image\/","url":"","contentUrl":"","caption":"Open Hotels"},"image":{"@id":"https:\/\/www.litthotels.com\/fr\/#\/schema\/logo\/image\/"}}]}},"_links":{"self":[{"href":"https:\/\/www.litthotels.com\/fr\/wp-json\/wp\/v2\/pages\/8967","targetHints":{"allow":["GET"]}}],"collection":[{"href":"https:\/\/www.litthotels.com\/fr\/wp-json\/wp\/v2\/pages"}],"about":[{"href":"https:\/\/www.litthotels.com\/fr\/wp-json\/wp\/v2\/types\/page"}],"author":[{"embeddable":true,"href":"https:\/\/www.litthotels.com\/fr\/wp-json\/wp\/v2\/users\/1"}],"replies":[{"embeddable":true,"href":"https:\/\/www.litthotels.com\/fr\/wp-json\/wp\/v2\/comments?post=8967"}],"version-history":[{"count":1,"href":"https:\/\/www.litthotels.com\/fr\/wp-json\/wp\/v2\/pages\/8967\/revisions"}],"predecessor-version":[{"id":8972,"href":"https:\/\/www.litthotels.com\/fr\/wp-json\/wp\/v2\/pages\/8967\/revisions\/8972"}],"wp:attachment":[{"href":"https:\/\/www.litthotels.com\/fr\/wp-json\/wp\/v2\/media?parent=8967"}],"curies":[{"name":"wp","href":"https:\/\/api.w.org\/{rel}","templated":true}]}}