{"id":9013,"date":"2020-06-19T10:51:47","date_gmt":"2020-06-19T10:51:47","guid":{"rendered":"https:\/\/www.litthotels.com\/politica-de-privadesa\/"},"modified":"2025-05-21T10:25:58","modified_gmt":"2025-05-21T10:25:58","slug":"politica-de-privadesa","status":"publish","type":"page","link":"https:\/\/www.litthotels.com\/ca\/politica-de-privadesa\/","title":{"rendered":"Pol\u00edtica de Privadesa"},"content":{"rendered":"\t\t<div data-elementor-type=\"wp-page\" data-elementor-id=\"9013\" class=\"elementor elementor-9013 elementor-3\" data-elementor-post-type=\"page\">\n\t\t\t\t\t\t<section class=\"elementor-section elementor-top-section elementor-element elementor-element-3f2ad877 elementor-section-boxed elementor-section-height-default elementor-section-height-default\" data-id=\"3f2ad877\" data-element_type=\"section\" data-e-type=\"section\">\n\t\t\t\t\t\t<div class=\"elementor-container elementor-column-gap-default\">\n\t\t\t\t\t<div class=\"elementor-column elementor-col-100 elementor-top-column elementor-element elementor-element-b3a1743\" data-id=\"b3a1743\" data-element_type=\"column\" data-e-type=\"column\">\n\t\t\t<div class=\"elementor-widget-wrap elementor-element-populated\">\n\t\t\t\t\t\t<div class=\"elementor-element elementor-element-6c0462d2 elementor-widget elementor-widget-text-editor\" data-id=\"6c0462d2\" data-element_type=\"widget\" data-e-type=\"widget\" data-widget_type=\"text-editor.default\">\n\t\t\t\t<div class=\"elementor-widget-container\">\n\t\t\t\t\t\t\t\t\t<div class=\"elementor-element elementor-element-dfa6bd8 elementor-widget elementor-widget-heading\" data-id=\"dfa6bd8\" data-element_type=\"widget\" data-widget_type=\"heading.default\"><div class=\"elementor-widget-container\"><h2 class=\"elementor-heading-title elementor-size-default\">Pol\u00edtica de Privadesa<\/h2><p> <\/p><\/div><\/div><div class=\"elementor-element elementor-element-43929b0a elementor-widget elementor-widget-text-editor\" data-id=\"43929b0a\" data-element_type=\"widget\" data-widget_type=\"text-editor.default\"><div class=\"elementor-widget-container\"><div class=\"elementor-text-editor elementor-clearfix\"><div id=\"clickdatos\"><p>En compliment del que estableix la RGPD, us informem que les vostres dades seran tractades als nostres fitxers, amb la finalitat del manteniment i compliment de la relaci\u00f3 amb la nostra entitat, incloent l&#8217;enviament de comunicacions en el marc de la relaci\u00f3 esmentada.<\/p><p>Aix\u00ed mateix, les seves dades seran cedides en tots aquells casos en qu\u00e8 sigui necessari per al desenvolupament, el compliment i el control de la relaci\u00f3 amb la nostra entitat o en els sup\u00f2sits en qu\u00e8 ho autoritzi una norma amb rang de llei. En compliment de la RGPD pot exercitar els seus drets ARC davant <strong>PROMOU INVERSIO 2013, SL, amb NIF B66092495 i direcci\u00f3 a Tres Creus 166, \u00c0tic \u201308202 SABADELL (BARCELONA)<\/strong> , adjuntant fotoc\u00f2pia del seu DNI.<\/p><p>El contingut daquesta comunicaci\u00f3, aix\u00ed com el de tota la documentaci\u00f3 annexa, est\u00e0 subjecta al deure de secret i va dirigida \u00fanicament al seu destinatari. En cas que no fos el destinatari, li sol\u00b7licitem que ens ho indiqui i no comuniqui el seu contingut a tercers, procedint a la seva destrucci\u00f3.<\/p><p>El prestador de serveis de la societat de la informaci\u00f3 haur\u00e0 de tenir en compte que, a m\u00e9s de la informaci\u00f3 que faciliti als destinataris del servei a trav\u00e9s de la seva \u201cPol\u00edtica de Privadesa\u201d, haur\u00e0 de disposar de textos legals addicionals relatius a altres normatives de compliment obligat, com ara, sense car\u00e0cter limitatiu o excloent, condicions generals de la contractaci\u00f3, propietat intel\u00b7lectual i industrial, condicions de utilitzaci\u00f3 34\/2002, d&#8217;11 de juliol, de serveis de la societat de la informaci\u00f3 i de comer\u00e7 electr\u00f2nic, pugui establir en qualssevol altres preceptes al marge del seu article 10 o fins i tot completar la informaci\u00f3 que, en relaci\u00f3 amb aquest, sigui necess\u00e0ria.<\/p><\/div><\/div><\/div><\/div>\t\t\t\t\t\t\t\t<\/div>\n\t\t\t\t<\/div>\n\t\t\t\t\t<\/div>\n\t\t<\/div>\n\t\t\t\t\t<\/div>\n\t\t<\/section>\n\t\t\t\t<\/div>\n\t\t","protected":false},"excerpt":{"rendered":"<p>Pol\u00edtica de Privadesa En compliment del que estableix la RGPD, us informem que les vostres dades seran tractades als nostres fitxers, amb la finalitat del manteniment i compliment de la relaci\u00f3 amb la nostra entitat, incloent l&#8217;enviament de comunicacions en el marc de la relaci\u00f3 esmentada. Aix\u00ed mateix, les seves dades seran cedides en tots [&hellip;]<\/p>\n","protected":false},"author":1,"featured_media":0,"parent":0,"menu_order":0,"comment_status":"closed","ping_status":"closed","template":"","meta":{"_exactmetrics_skip_tracking":false,"_exactmetrics_sitenote_active":false,"_exactmetrics_sitenote_note":"","_exactmetrics_sitenote_category":0,"site-sidebar-layout":"default","site-content-layout":"","ast-site-content-layout":"","site-content-style":"default","site-sidebar-style":"default","ast-global-header-display":"","ast-banner-title-visibility":"","ast-main-header-display":"","ast-hfb-above-header-display":"","ast-hfb-below-header-display":"","ast-hfb-mobile-header-display":"","site-post-title":"","ast-breadcrumbs-content":"","ast-featured-img":"","footer-sml-layout":"","theme-transparent-header-meta":"","adv-header-id-meta":"","stick-header-meta":"","header-above-stick-meta":"","header-main-stick-meta":"","header-below-stick-meta":"","astra-migrate-meta-layouts":"default","ast-page-background-enabled":"default","ast-page-background-meta":{"desktop":{"background-color":"","background-image":"","background-repeat":"repeat","background-position":"center center","background-size":"auto","background-attachment":"scroll","background-type":"","background-media":"","overlay-type":"","overlay-color":"","overlay-opacity":"","overlay-gradient":""},"tablet":{"background-color":"","background-image":"","background-repeat":"repeat","background-position":"center center","background-size":"auto","background-attachment":"scroll","background-type":"","background-media":"","overlay-type":"","overlay-color":"","overlay-opacity":"","overlay-gradient":""},"mobile":{"background-color":"","background-image":"","background-repeat":"repeat","background-position":"center center","background-size":"auto","background-attachment":"scroll","background-type":"","background-media":"","overlay-type":"","overlay-color":"","overlay-opacity":"","overlay-gradient":""}},"ast-content-background-meta":{"desktop":{"background-color":"var(--ast-global-color-5)","background-image":"","background-repeat":"repeat","background-position":"center center","background-size":"auto","background-attachment":"scroll","background-type":"","background-media":"","overlay-type":"","overlay-color":"","overlay-opacity":"","overlay-gradient":""},"tablet":{"background-color":"var(--ast-global-color-5)","background-image":"","background-repeat":"repeat","background-position":"center center","background-size":"auto","background-attachment":"scroll","background-type":"","background-media":"","overlay-type":"","overlay-color":"","overlay-opacity":"","overlay-gradient":""},"mobile":{"background-color":"var(--ast-global-color-5)","background-image":"","background-repeat":"repeat","background-position":"center center","background-size":"auto","background-attachment":"scroll","background-type":"","background-media":"","overlay-type":"","overlay-color":"","overlay-opacity":"","overlay-gradient":""}},"_FSMCFIC_featured_image_caption":"","_FSMCFIC_featured_image_nocaption":"","_FSMCFIC_featured_image_hide":"","footnotes":""},"class_list":["post-9013","page","type-page","status-publish","hentry"],"yoast_head":"<!-- This site is optimized with the Yoast SEO plugin v27.1.1 - https:\/\/yoast.com\/product\/yoast-seo-wordpress\/ -->\n<title>Pol\u00edtica de Privadesa - Grupo Litt Hotels<\/title>\n<meta name=\"robots\" content=\"index, follow, max-snippet:-1, max-image-preview:large, max-video-preview:-1\" \/>\n<link rel=\"canonical\" href=\"https:\/\/www.litthotels.com\/ca\/politica-de-privadesa\/\" \/>\n<meta property=\"og:locale\" content=\"ca_ES\" \/>\n<meta property=\"og:type\" content=\"article\" \/>\n<meta property=\"og:title\" content=\"Pol\u00edtica de Privadesa - Grupo Litt Hotels\" \/>\n<meta property=\"og:description\" content=\"Pol\u00edtica de Privadesa En compliment del que estableix la RGPD, us informem que les vostres dades seran tractades als nostres fitxers, amb la finalitat del manteniment i compliment de la relaci\u00f3 amb la nostra entitat, incloent l&#8217;enviament de comunicacions en el marc de la relaci\u00f3 esmentada. Aix\u00ed mateix, les seves dades seran cedides en tots [&hellip;]\" \/>\n<meta property=\"og:url\" content=\"https:\/\/www.litthotels.com\/ca\/politica-de-privadesa\/\" \/>\n<meta property=\"og:site_name\" content=\"Grupo Litt Hotels\" \/>\n<meta property=\"article:modified_time\" content=\"2025-05-21T10:25:58+00:00\" \/>\n<meta name=\"twitter:card\" content=\"summary_large_image\" \/>\n<meta name=\"twitter:label1\" content=\"Temps estimat de lectura\" \/>\n\t<meta name=\"twitter:data1\" content=\"1 minut\" \/>\n<script type=\"application\/ld+json\" class=\"yoast-schema-graph\">{\"@context\":\"https:\/\/schema.org\",\"@graph\":[{\"@type\":\"WebPage\",\"@id\":\"https:\/\/www.litthotels.com\/ca\/politica-de-privadesa\/\",\"url\":\"https:\/\/www.litthotels.com\/ca\/politica-de-privadesa\/\",\"name\":\"Pol\u00edtica de Privadesa - Grupo Litt Hotels\",\"isPartOf\":{\"@id\":\"https:\/\/www.litthotels.com\/ca\/#website\"},\"datePublished\":\"2020-06-19T10:51:47+00:00\",\"dateModified\":\"2025-05-21T10:25:58+00:00\",\"breadcrumb\":{\"@id\":\"https:\/\/www.litthotels.com\/ca\/politica-de-privadesa\/#breadcrumb\"},\"inLanguage\":\"ca\",\"potentialAction\":[{\"@type\":\"ReadAction\",\"target\":[\"https:\/\/www.litthotels.com\/ca\/politica-de-privadesa\/\"]}]},{\"@type\":\"BreadcrumbList\",\"@id\":\"https:\/\/www.litthotels.com\/ca\/politica-de-privadesa\/#breadcrumb\",\"itemListElement\":[{\"@type\":\"ListItem\",\"position\":1,\"name\":\"Portada\",\"item\":\"https:\/\/www.litthotels.com\/ca\/\"},{\"@type\":\"ListItem\",\"position\":2,\"name\":\"Pol\u00edtica de Privadesa\"}]},{\"@type\":\"WebSite\",\"@id\":\"https:\/\/www.litthotels.com\/ca\/#website\",\"url\":\"https:\/\/www.litthotels.com\/ca\/\",\"name\":\"Grupo Litt Hotels\",\"description\":\"Grupo hotelero con Hoteles en Catalu\u00f1a y Baleares\",\"publisher\":{\"@id\":\"https:\/\/www.litthotels.com\/ca\/#organization\"},\"potentialAction\":[{\"@type\":\"SearchAction\",\"target\":{\"@type\":\"EntryPoint\",\"urlTemplate\":\"https:\/\/www.litthotels.com\/ca\/?s={search_term_string}\"},\"query-input\":{\"@type\":\"PropertyValueSpecification\",\"valueRequired\":true,\"valueName\":\"search_term_string\"}}],\"inLanguage\":\"ca\"},{\"@type\":\"Organization\",\"@id\":\"https:\/\/www.litthotels.com\/ca\/#organization\",\"name\":\"Open Hotels\",\"url\":\"https:\/\/www.litthotels.com\/ca\/\",\"logo\":{\"@type\":\"ImageObject\",\"inLanguage\":\"ca\",\"@id\":\"https:\/\/www.litthotels.com\/ca\/#\/schema\/logo\/image\/\",\"url\":\"\",\"contentUrl\":\"\",\"caption\":\"Open Hotels\"},\"image\":{\"@id\":\"https:\/\/www.litthotels.com\/ca\/#\/schema\/logo\/image\/\"}}]}<\/script>\n<!-- \/ Yoast SEO plugin. -->","yoast_head_json":{"title":"Pol\u00edtica de Privadesa - Grupo Litt Hotels","robots":{"index":"index","follow":"follow","max-snippet":"max-snippet:-1","max-image-preview":"max-image-preview:large","max-video-preview":"max-video-preview:-1"},"canonical":"https:\/\/www.litthotels.com\/ca\/politica-de-privadesa\/","og_locale":"ca_ES","og_type":"article","og_title":"Pol\u00edtica de Privadesa - Grupo Litt Hotels","og_description":"Pol\u00edtica de Privadesa En compliment del que estableix la RGPD, us informem que les vostres dades seran tractades als nostres fitxers, amb la finalitat del manteniment i compliment de la relaci\u00f3 amb la nostra entitat, incloent l&#8217;enviament de comunicacions en el marc de la relaci\u00f3 esmentada. Aix\u00ed mateix, les seves dades seran cedides en tots [&hellip;]","og_url":"https:\/\/www.litthotels.com\/ca\/politica-de-privadesa\/","og_site_name":"Grupo Litt Hotels","article_modified_time":"2025-05-21T10:25:58+00:00","twitter_card":"summary_large_image","twitter_misc":{"Temps estimat de lectura":"1 minut"},"schema":{"@context":"https:\/\/schema.org","@graph":[{"@type":"WebPage","@id":"https:\/\/www.litthotels.com\/ca\/politica-de-privadesa\/","url":"https:\/\/www.litthotels.com\/ca\/politica-de-privadesa\/","name":"Pol\u00edtica de Privadesa - Grupo Litt Hotels","isPartOf":{"@id":"https:\/\/www.litthotels.com\/ca\/#website"},"datePublished":"2020-06-19T10:51:47+00:00","dateModified":"2025-05-21T10:25:58+00:00","breadcrumb":{"@id":"https:\/\/www.litthotels.com\/ca\/politica-de-privadesa\/#breadcrumb"},"inLanguage":"ca","potentialAction":[{"@type":"ReadAction","target":["https:\/\/www.litthotels.com\/ca\/politica-de-privadesa\/"]}]},{"@type":"BreadcrumbList","@id":"https:\/\/www.litthotels.com\/ca\/politica-de-privadesa\/#breadcrumb","itemListElement":[{"@type":"ListItem","position":1,"name":"Portada","item":"https:\/\/www.litthotels.com\/ca\/"},{"@type":"ListItem","position":2,"name":"Pol\u00edtica de Privadesa"}]},{"@type":"WebSite","@id":"https:\/\/www.litthotels.com\/ca\/#website","url":"https:\/\/www.litthotels.com\/ca\/","name":"Grupo Litt Hotels","description":"Grupo hotelero con Hoteles en Catalu\u00f1a y Baleares","publisher":{"@id":"https:\/\/www.litthotels.com\/ca\/#organization"},"potentialAction":[{"@type":"SearchAction","target":{"@type":"EntryPoint","urlTemplate":"https:\/\/www.litthotels.com\/ca\/?s={search_term_string}"},"query-input":{"@type":"PropertyValueSpecification","valueRequired":true,"valueName":"search_term_string"}}],"inLanguage":"ca"},{"@type":"Organization","@id":"https:\/\/www.litthotels.com\/ca\/#organization","name":"Open Hotels","url":"https:\/\/www.litthotels.com\/ca\/","logo":{"@type":"ImageObject","inLanguage":"ca","@id":"https:\/\/www.litthotels.com\/ca\/#\/schema\/logo\/image\/","url":"","contentUrl":"","caption":"Open Hotels"},"image":{"@id":"https:\/\/www.litthotels.com\/ca\/#\/schema\/logo\/image\/"}}]}},"_links":{"self":[{"href":"https:\/\/www.litthotels.com\/ca\/wp-json\/wp\/v2\/pages\/9013","targetHints":{"allow":["GET"]}}],"collection":[{"href":"https:\/\/www.litthotels.com\/ca\/wp-json\/wp\/v2\/pages"}],"about":[{"href":"https:\/\/www.litthotels.com\/ca\/wp-json\/wp\/v2\/types\/page"}],"author":[{"embeddable":true,"href":"https:\/\/www.litthotels.com\/ca\/wp-json\/wp\/v2\/users\/1"}],"replies":[{"embeddable":true,"href":"https:\/\/www.litthotels.com\/ca\/wp-json\/wp\/v2\/comments?post=9013"}],"version-history":[{"count":1,"href":"https:\/\/www.litthotels.com\/ca\/wp-json\/wp\/v2\/pages\/9013\/revisions"}],"predecessor-version":[{"id":9014,"href":"https:\/\/www.litthotels.com\/ca\/wp-json\/wp\/v2\/pages\/9013\/revisions\/9014"}],"wp:attachment":[{"href":"https:\/\/www.litthotels.com\/ca\/wp-json\/wp\/v2\/media?parent=9013"}],"curies":[{"name":"wp","href":"https:\/\/api.w.org\/{rel}","templated":true}]}}